{"id":987516983,"date":"2026-02-14T11:50:28","date_gmt":"2026-02-14T10:50:28","guid":{"rendered":"https:\/\/www.pitturiamo.it\/typ-fr-tsb26-si-bonifico-pp\/"},"modified":"2026-02-19T11:25:09","modified_gmt":"2026-02-19T10:25:09","slug":"typ-fr-tsb26-si-bonifico-pp","status":"publish","type":"page","link":"https:\/\/www.pitturiamo.it\/fr\/typ-fr-tsb26-si-bonifico-pp\/","title":{"rendered":"TYP TSB26 Bonifico o PostePay &gt; FRANCESE"},"content":{"rendered":"<p>[et_pb_section fb_built=\u00a0\u00bb1&Prime; custom_padding_last_edited=\u00a0\u00bboff|desktop\u00a0\u00bb _builder_version=\u00a0\u00bb4.24.0&Prime; _module_preset=\u00a0\u00bbdefault\u00a0\u00bb custom_padding=\u00a0\u00bb84px|20px|0px|20px|false|false\u00a0\u00bb custom_padding_tablet=\u00a0\u00bb0px|20px|0px|20px\u00a0\u00bb transparent_background=\u00a0\u00bboff\u00a0\u00bb make_fullwidth=\u00a0\u00bboff\u00a0\u00bb use_custom_width=\u00a0\u00bboff\u00a0\u00bb width_unit=\u00a0\u00bbon\u00a0\u00bb global_colors_info=\u00a0\u00bb{}\u00a0\u00bb][et_pb_row _builder_version=\u00a0\u00bb4.16&Prime; _module_preset=\u00a0\u00bbdefault\u00a0\u00bb global_colors_info=\u00a0\u00bb{}\u00a0\u00bb][et_pb_column type=\u00a0\u00bb4_4&Prime; _builder_version=\u00a0\u00bb4.16&Prime; _module_preset=\u00a0\u00bbdefault\u00a0\u00bb global_colors_info=\u00a0\u00bb{}\u00a0\u00bb][et_pb_image src=\u00a0\u00bbhttps:\/\/www.pitturiamo.it\/wp-content\/uploads\/Logo-PitturiAmo-Network-con-tagline.jpg\u00a0\u00bb alt=\u00a0\u00bbLogo R\u00e9seau PitturiAmo\u00a0\u00bb title_text=\u00a0\u00bbLogo PitturiAmo avec slogan\u00a0\u00bb align=\u00a0\u00bbcenter\u00a0\u00bb admin_label=\u00a0\u00bbLogo PitturiAmo\u00a0\u00bb _builder_version=\u00a0\u00bb4.24.0&Prime; _module_preset=\u00a0\u00bbdefault\u00a0\u00bb width=\u00a0\u00bb26%\u00a0\u00bb width_tablet=\u00a0\u00bb50%\u00a0\u00bb width_phone=\u00a0\u00bb50%\u00a0\u00bb width_last_edited=\u00a0\u00bbon|tablet\u00a0\u00bb max_width=\u00a0\u00bb100%\u00a0\u00bb global_colors_info=\u00a0\u00bb{}\u00a0\u00bb][\/et_pb_image][\/et_pb_column][\/et_pb_row][\/et_pb_section][et_pb_section fb_built=\u00a0\u00bb1&Prime; _builder_version=\u00a0\u00bb4.24.0&Prime; _module_preset=\u00a0\u00bbdefault\u00a0\u00bb custom_padding=\u00a0\u00bb10px||10px||true|false\u00a0\u00bb top_divider_style=\u00a0\u00bbwaves2&Prime; top_divider_color=\u00a0\u00bb#9e2362&Prime; bottom_divider_color=\u00a0\u00bb#9e2362&Prime; bottom_divider_height=\u00a0\u00bb52px\u00a0\u00bb bottom_divider_repeat=\u00a0\u00bb1x\u00a0\u00bb bottom_divider_flip=\u00a0\u00bbhorizontal\u00a0\u00bb global_colors_info=\u00a0\u00bb{}\u00a0\u00bb][et_pb_row _builder_version=\u00a0\u00bb4.24.0&Prime; _module_preset=\u00a0\u00bbdefault\u00a0\u00bb custom_padding=\u00a0\u00bb||0px|||\u00a0\u00bb global_colors_info=\u00a0\u00bb{}\u00a0\u00bb][et_pb_column type=\u00a0\u00bb4_4&Prime; _builder_version=\u00a0\u00bb4.24.0&Prime; _module_preset=\u00a0\u00bbdefault\u00a0\u00bb global_colors_info=\u00a0\u00bb{}\u00a0\u00bb][et_pb_text _builder_version=\u00a0\u00bb4.24.0&Prime; _module_preset=\u00a0\u00bbdefault\u00a0\u00bb text_text_color=\u00a0\u00bb#7a7a7a\u00a0\u00bb text_font_size=\u00a0\u00bb20px\u00a0\u00bb ol_font_size=\u00a0\u00bb20px\u00a0\u00bb ol_line_height=\u00a0\u00bb1.2em\u00a0\u00bb header_text_color=\u00a0\u00bb#7a7a7a\u00a0\u00bb header_2_text_color=\u00a0\u00bb#7a7a7a\u00a0\u00bb custom_padding=\u00a0\u00bb77px||77px||true|false\u00a0\u00bb global_colors_info=\u00a0\u00bb{}\u00a0\u00bb]<\/p>\n<h1 style=\"text-align: center;\"><strong>Merci<\/strong><\/h1>\n<p>&nbsp;<\/p>\n<h2 style=\"text-align: center;\"><strong>Vous pouvez maintenant proc\u00e9der au paiement, v\u00e9rifier vos e-mails pour v\u00e9rifier les m\u00e9thodes avec le virement bancaire ou le recharge PostePay<\/strong><\/h2>\n<h2 style=\"text-align: center;\"><strong> <\/strong><\/h2>\n<p style=\"text-align: center;\"><strong>Apr\u00e8s avoir effectu\u00e9 le paiement, veuillez envoyer une copie du re\u00e7u <a href=\"mailto:redazione@pitturiamo.eu\">\u00e0 redazione@pitturiamo.eu<\/a><\/strong><\/p>\n<p>Nous v\u00e9rifierons que votre paiement a \u00e9t\u00e9 r\u00e9ussi et nous vous contacterons pour s\u00e9lectionner, avec vous, les meilleures solutions pour votre participation.<\/p>\n<h1><strong>Voici la meilleure fa\u00e7on de se pr\u00e9parer \u00e0 cet \u00e9v\u00e9nement.<\/strong><\/h1>\n<p><a href=\"https:\/\/www.pitturiamo.it\/larte-di-farsi-conoscere-fr\/\"><img decoding=\"async\" class=\"alignleft\" style=\"width: 300px;\" src=\"https:\/\/www.pitturiamo.it\/wp-content\/uploads\/tre-volumikindleamazon.jpg\"><\/a><\/p>\n<p>Si vous souhaitez <strong style=\"color: #7a7a7a;\">profiter<\/strong> au maximum de votre participation \u00e0 cet \u00e9v\u00e9nement, nous vous recommandons de lire :<\/p>\n<p>\u00ab <a style=\"color: #7a7a7a;\" href=\"https:\/\/www.pitturiamo.it\/larte-di-farsi-conoscere-fr\/\"><strong>L\u2019art de se faire conna\u00eetre<\/strong><\/a> \u2013 <em>conseils marketing pour les artistes \u00e9mergents et \u00e9tablis<\/em> \u00bb.<\/p>\n<p>Le nouveau livre de <strong style=\"color: #7a7a7a;\">Nino Argentati<\/strong> dans lequel vous trouverez de nombreux conseils utiles pour votre promotion en tant qu\u2019artiste.<\/p>\n<p><a href=\"https:\/\/www.pitturiamo.it\/larte-di-farsi-conoscere-fr\/\">T\u00e9l\u00e9chargez un extrait gratuit d\u00e8s maintenant.<\/a><\/p>\n<p>[\/et_pb_text][\/et_pb_column][\/et_pb_row][\/et_pb_section][et_pb_section fb_built=\u00a0\u00bb1&Prime; fullwidth=\u00a0\u00bbon\u00a0\u00bb custom_padding_last_edited=\u00a0\u00bbon|phone\u00a0\u00bb disabled_on=\u00a0\u00bboff|off|off\u00a0\u00bb _builder_version=\u00a0\u00bb4.16&Prime; _module_preset=\u00a0\u00bbdefault\u00a0\u00bb background_color=\u00a0\u00bb#000000&Prime; custom_margin_tablet=\u00a0\u00bb\u00a0\u00bb custom_margin_phone=\u00a0\u00bb|0px||0px|false|false\u00a0\u00bb custom_margin_last_edited=\u00a0\u00bbon|phone\u00a0\u00bb custom_padding=\u00a0\u00bb0px||0px|\u00a0\u00bb custom_padding_tablet=\u00a0\u00bb0px|0px|0px|0px\u00a0\u00bb custom_padding_phone=\u00a0\u00bb\u00a0\u00bb custom_css_main_element=\u00a0\u00bbmargin: 0px !important; padding: 0px !important;\u00a0\u00bb transparent_background=\u00a0\u00bboff\u00a0\u00bb make_fullwidth=\u00a0\u00bboff\u00a0\u00bb use_custom_width=\u00a0\u00bboff\u00a0\u00bb width_unit=\u00a0\u00bbon\u00a0\u00bb global_colors_info=\u00a0\u00bb{}\u00a0\u00bb][et_pb_fullwidth_header title=\u00a0\u00bbPitturiAmo A.P.S.\u00a0\u00bb subhead=\u00a0\u00bbVia Filippo Turati, 22 &#8211; 93100 Caltanissetta &#8211; P.IVA e C.F. 02092300850 &#8211; info@pitturiamo.com &#8211; REA : CL-119175.\u00a0\u00bb _builder_version=\u00a0\u00bb4.16&Prime; _module_preset=\u00a0\u00bbdefault\u00a0\u00bb background_color=\u00a0\u00bb#333333&Prime; width=\u00a0\u00bb100%\u00a0\u00bb max_width=\u00a0\u00bb100%\u00a0\u00bb custom_margin=\u00a0\u00bb||||false|false\u00a0\u00bb custom_margin_tablet=\u00a0\u00bb||||false|false\u00a0\u00bb custom_margin_phone=\u00a0\u00bb|5px||5px|false|false\u00a0\u00bb custom_margin_last_edited=\u00a0\u00bbon|desktop\u00a0\u00bb custom_padding=\u00a0\u00bb|0px||0px|false|false\u00a0\u00bb custom_padding_tablet=\u00a0\u00bb|0px||0px|false|false\u00a0\u00bb custom_padding_phone=\u00a0\u00bb|0px||0px|false|false\u00a0\u00bb custom_padding_last_edited=\u00a0\u00bbon|desktop\u00a0\u00bb custom_css_content=\u00a0\u00bbmargin-top:50px;\u00a0\u00bb global_colors_info=\u00a0\u00bb{}\u00a0\u00bb]<\/p>\n<p><strong>Droits d\u2019auteur<\/strong> &#8211; Tout le contenu de cette page (textes, images, graphismes et mise en page) appartient \u00e0 PitturiAmo et est prot\u00e9g\u00e9 par le droit d\u2019auteur. Il est donc interdit de copier, publier, r\u00e9\u00e9crire, commercialiser, distribuer, m\u00eame en partie. Tous les documents pr\u00e9sents sur ce site, disponibles en t\u00e9l\u00e9chargement gratuit, sont destin\u00e9s \u00e0 un usage personnel uniquement. Ils peuvent \u00eatre redistribu\u00e9s, toujours gratuitement et sans but illicite ou commercial, \u00e0 condition qu\u2019ils ne soient modifi\u00e9s sous aucune forme (textes, images, graphiques, mise en page), ce qui fait clairement que PitturiAmo est propri\u00e9taire du contenu. <strong>Toute infraction sera poursuivie conform\u00e9ment \u00e0 la l\u00e9gislation en vigueur<\/strong>.   <\/p>\n<p>&nbsp;<\/p>\n<p>[\/et_pb_fullwidth_header][\/et_pb_section]<\/p>\n","protected":false},"excerpt":{"rendered":"<p>Merci &nbsp; Vous pouvez maintenant proc\u00e9der au&#8230;<\/p>\n","protected":false},"author":1,"featured_media":0,"parent":0,"menu_order":0,"comment_status":"closed","ping_status":"closed","template":"blank-slate-template.php","meta":{"_et_pb_use_builder":"on","_et_pb_old_content":"","_et_gb_content_width":"","footnotes":""},"yoast_head":"<!-- This site is optimized with the Yoast SEO plugin v22.2 - https:\/\/yoast.com\/wordpress\/plugins\/seo\/ -->\n<title>TYP TSB26 Bonifico o PostePay &gt; FRANCESE - PitturiAmo<\/title>\n<meta name=\"description\" content=\"Publiez vos \u0153uvres sur l\u2019Atlas Giunti de l\u2019Art Contemporain et apportez votre art au MoMA de New York ainsi que dans plus de 260 librairies \u00e0 travers l\u2019Italie.\" \/>\n<meta name=\"robots\" content=\"index, follow, max-snippet:-1, max-image-preview:large, max-video-preview:-1\" \/>\n<link rel=\"canonical\" href=\"https:\/\/www.pitturiamo.it\/fr\/typ-fr-tsb26-si-bonifico-pp\/\" \/>\n<meta property=\"og:locale\" content=\"fr_FR\" \/>\n<meta property=\"og:type\" content=\"article\" \/>\n<meta property=\"og:title\" content=\"Atlas de l\u2019art contemporain Giunti\" \/>\n<meta property=\"og:description\" content=\"Publiez vos \u0153uvres sur l\u2019Atlas Giunti de l\u2019Art Contemporain et apportez votre art au MoMA de New York ainsi que dans plus de 260 librairies \u00e0 travers l\u2019Italie.\" \/>\n<meta property=\"og:url\" content=\"https:\/\/www.pitturiamo.it\/fr\/typ-fr-tsb26-si-bonifico-pp\/\" \/>\n<meta property=\"og:site_name\" content=\"PitturiAmo\" \/>\n<meta property=\"article:publisher\" content=\"https:\/\/www.facebook.com\/PitturiAmo\" \/>\n<meta property=\"article:modified_time\" content=\"2026-02-19T10:25:09+00:00\" \/>\n<meta property=\"og:image\" content=\"https:\/\/www.pitturiamo.it\/wp-content\/uploads\/atlante-arte-contemporanea-giunti-1024x512.jpg\" \/>\n<meta name=\"twitter:card\" content=\"summary_large_image\" \/>\n<meta name=\"twitter:title\" content=\"Atlas de l\u2019art contemporain Giunti\" \/>\n<meta name=\"twitter:description\" content=\"Publiez vos \u0153uvres sur l\u2019Atlas Giunti de l\u2019Art Contemporain et apportez votre art au MoMA de New York ainsi que dans plus de 260 librairies \u00e0 travers l\u2019Italie.\" \/>\n<meta name=\"twitter:image\" content=\"https:\/\/www.pitturiamo.it\/wp-content\/uploads\/atlante-arte-contemporanea-giunti.jpg\" \/>\n<meta name=\"twitter:label1\" content=\"Dur\u00e9e de lecture estim\u00e9e\" \/>\n\t<meta name=\"twitter:data1\" content=\"3 minutes\" \/>\n<script type=\"application\/ld+json\" class=\"yoast-schema-graph\">{\"@context\":\"https:\/\/schema.org\",\"@graph\":[{\"@type\":\"NewsArticle\",\"@id\":\"https:\/\/www.pitturiamo.it\/fr\/typ-fr-tsb26-si-bonifico-pp\/#article\",\"isPartOf\":{\"@id\":\"https:\/\/www.pitturiamo.it\/fr\/typ-fr-tsb26-si-bonifico-pp\/\"},\"author\":{\"name\":\"Redazione\",\"@id\":\"https:\/\/www.pitturiamo.it\/fr\/#\/schema\/person\/4e985700c85a7eb0398941eefc404c4a\"},\"headline\":\"TYP TSB26 Bonifico o PostePay &gt; FRANCESE\",\"datePublished\":\"2026-02-14T10:50:28+00:00\",\"dateModified\":\"2026-02-19T10:25:09+00:00\",\"mainEntityOfPage\":{\"@id\":\"https:\/\/www.pitturiamo.it\/fr\/typ-fr-tsb26-si-bonifico-pp\/\"},\"wordCount\":706,\"publisher\":{\"@id\":\"https:\/\/www.pitturiamo.it\/fr\/#organization\"},\"image\":{\"@id\":\"https:\/\/www.pitturiamo.it\/fr\/typ-fr-tsb26-si-bonifico-pp\/#primaryimage\"},\"thumbnailUrl\":\"https:\/\/www.pitturiamo.it\/wp-content\/uploads\/tre-volumikindleamazon.jpg\",\"inLanguage\":\"fr-FR\"},{\"@type\":\"WebPage\",\"@id\":\"https:\/\/www.pitturiamo.it\/fr\/typ-fr-tsb26-si-bonifico-pp\/\",\"url\":\"https:\/\/www.pitturiamo.it\/fr\/typ-fr-tsb26-si-bonifico-pp\/\",\"name\":\"TYP TSB26 Bonifico o PostePay &gt; FRANCESE - PitturiAmo\",\"isPartOf\":{\"@id\":\"https:\/\/www.pitturiamo.it\/fr\/#website\"},\"primaryImageOfPage\":{\"@id\":\"https:\/\/www.pitturiamo.it\/fr\/typ-fr-tsb26-si-bonifico-pp\/#primaryimage\"},\"image\":{\"@id\":\"https:\/\/www.pitturiamo.it\/fr\/typ-fr-tsb26-si-bonifico-pp\/#primaryimage\"},\"thumbnailUrl\":\"https:\/\/www.pitturiamo.it\/wp-content\/uploads\/tre-volumikindleamazon.jpg\",\"datePublished\":\"2026-02-14T10:50:28+00:00\",\"dateModified\":\"2026-02-19T10:25:09+00:00\",\"description\":\"Publiez vos \u0153uvres sur l\u2019Atlas Giunti de l\u2019Art Contemporain et apportez votre art au MoMA de New York ainsi que dans plus de 260 librairies \u00e0 travers l\u2019Italie.\",\"breadcrumb\":{\"@id\":\"https:\/\/www.pitturiamo.it\/fr\/typ-fr-tsb26-si-bonifico-pp\/#breadcrumb\"},\"inLanguage\":\"fr-FR\",\"potentialAction\":[{\"@type\":\"ReadAction\",\"target\":[\"https:\/\/www.pitturiamo.it\/fr\/typ-fr-tsb26-si-bonifico-pp\/\"]}]},{\"@type\":\"ImageObject\",\"inLanguage\":\"fr-FR\",\"@id\":\"https:\/\/www.pitturiamo.it\/fr\/typ-fr-tsb26-si-bonifico-pp\/#primaryimage\",\"url\":\"https:\/\/www.pitturiamo.it\/wp-content\/uploads\/tre-volumikindleamazon.jpg\",\"contentUrl\":\"https:\/\/www.pitturiamo.it\/wp-content\/uploads\/tre-volumikindleamazon.jpg\",\"width\":1200,\"height\":1390,\"caption\":\"L'arte di farsi conoscere\"},{\"@type\":\"BreadcrumbList\",\"@id\":\"https:\/\/www.pitturiamo.it\/fr\/typ-fr-tsb26-si-bonifico-pp\/#breadcrumb\",\"itemListElement\":[{\"@type\":\"ListItem\",\"position\":1,\"name\":\"Home\",\"item\":\"https:\/\/www.pitturiamo.it\/fr\/\"},{\"@type\":\"ListItem\",\"position\":2,\"name\":\"TYP TSB26 Bonifico o PostePay &gt; FRANCESE\"}]},{\"@type\":\"WebSite\",\"@id\":\"https:\/\/www.pitturiamo.it\/fr\/#website\",\"url\":\"https:\/\/www.pitturiamo.it\/fr\/\",\"name\":\"PitturiAmo IT\",\"description\":\"Il portale che promuove l&#039;arte\",\"publisher\":{\"@id\":\"https:\/\/www.pitturiamo.it\/fr\/#organization\"},\"potentialAction\":[{\"@type\":\"SearchAction\",\"target\":{\"@type\":\"EntryPoint\",\"urlTemplate\":\"https:\/\/www.pitturiamo.it\/fr\/?s={search_term_string}\"},\"query-input\":\"required name=search_term_string\"}],\"inLanguage\":\"fr-FR\"},{\"@type\":\"Organization\",\"@id\":\"https:\/\/www.pitturiamo.it\/fr\/#organization\",\"name\":\"PitturiAmo IT\",\"url\":\"https:\/\/www.pitturiamo.it\/fr\/\",\"logo\":{\"@type\":\"ImageObject\",\"inLanguage\":\"fr-FR\",\"@id\":\"https:\/\/www.pitturiamo.it\/fr\/#\/schema\/logo\/image\/\",\"url\":\"https:\/\/www.pitturiamo.it\/wp-content\/uploads\/cropped-PitturiAmo-1.png\",\"contentUrl\":\"https:\/\/www.pitturiamo.it\/wp-content\/uploads\/cropped-PitturiAmo-1.png\",\"width\":519,\"height\":204,\"caption\":\"PitturiAmo IT\"},\"image\":{\"@id\":\"https:\/\/www.pitturiamo.it\/fr\/#\/schema\/logo\/image\/\"},\"sameAs\":[\"https:\/\/www.facebook.com\/PitturiAmo\"]},{\"@type\":\"Person\",\"@id\":\"https:\/\/www.pitturiamo.it\/fr\/#\/schema\/person\/4e985700c85a7eb0398941eefc404c4a\",\"name\":\"Redazione\",\"image\":{\"@type\":\"ImageObject\",\"inLanguage\":\"fr-FR\",\"@id\":\"https:\/\/www.pitturiamo.it\/fr\/#\/schema\/person\/image\/\",\"url\":\"https:\/\/secure.gravatar.com\/avatar\/2260a643382767a6b4184449968af668?s=96&d=mm&r=g\",\"contentUrl\":\"https:\/\/secure.gravatar.com\/avatar\/2260a643382767a6b4184449968af668?s=96&d=mm&r=g\",\"caption\":\"Redazione\"},\"sameAs\":[\"https:\/\/www.pitturiamo.it\"],\"url\":\"https:\/\/www.pitturiamo.it\/fr\/author\/adminwppit10\/\"}]}<\/script>\n<!-- \/ Yoast SEO plugin. -->","yoast_head_json":{"title":"TYP TSB26 Bonifico o PostePay &gt; FRANCESE - PitturiAmo","description":"Publiez vos \u0153uvres sur l\u2019Atlas Giunti de l\u2019Art Contemporain et apportez votre art au MoMA de New York ainsi que dans plus de 260 librairies \u00e0 travers l\u2019Italie.","robots":{"index":"index","follow":"follow","max-snippet":"max-snippet:-1","max-image-preview":"max-image-preview:large","max-video-preview":"max-video-preview:-1"},"canonical":"https:\/\/www.pitturiamo.it\/fr\/typ-fr-tsb26-si-bonifico-pp\/","og_locale":"fr_FR","og_type":"article","og_title":"Atlas de l\u2019art contemporain Giunti","og_description":"Publiez vos \u0153uvres sur l\u2019Atlas Giunti de l\u2019Art Contemporain et apportez votre art au MoMA de New York ainsi que dans plus de 260 librairies \u00e0 travers l\u2019Italie.","og_url":"https:\/\/www.pitturiamo.it\/fr\/typ-fr-tsb26-si-bonifico-pp\/","og_site_name":"PitturiAmo","article_publisher":"https:\/\/www.facebook.com\/PitturiAmo","article_modified_time":"2026-02-19T10:25:09+00:00","og_image":[{"url":"https:\/\/www.pitturiamo.it\/wp-content\/uploads\/atlante-arte-contemporanea-giunti-1024x512.jpg"}],"twitter_card":"summary_large_image","twitter_title":"Atlas de l\u2019art contemporain Giunti","twitter_description":"Publiez vos \u0153uvres sur l\u2019Atlas Giunti de l\u2019Art Contemporain et apportez votre art au MoMA de New York ainsi que dans plus de 260 librairies \u00e0 travers l\u2019Italie.","twitter_image":"https:\/\/www.pitturiamo.it\/wp-content\/uploads\/atlante-arte-contemporanea-giunti.jpg","twitter_misc":{"Dur\u00e9e de lecture estim\u00e9e":"3 minutes"},"schema":{"@context":"https:\/\/schema.org","@graph":[{"@type":"NewsArticle","@id":"https:\/\/www.pitturiamo.it\/fr\/typ-fr-tsb26-si-bonifico-pp\/#article","isPartOf":{"@id":"https:\/\/www.pitturiamo.it\/fr\/typ-fr-tsb26-si-bonifico-pp\/"},"author":{"name":"Redazione","@id":"https:\/\/www.pitturiamo.it\/fr\/#\/schema\/person\/4e985700c85a7eb0398941eefc404c4a"},"headline":"TYP TSB26 Bonifico o PostePay &gt; FRANCESE","datePublished":"2026-02-14T10:50:28+00:00","dateModified":"2026-02-19T10:25:09+00:00","mainEntityOfPage":{"@id":"https:\/\/www.pitturiamo.it\/fr\/typ-fr-tsb26-si-bonifico-pp\/"},"wordCount":706,"publisher":{"@id":"https:\/\/www.pitturiamo.it\/fr\/#organization"},"image":{"@id":"https:\/\/www.pitturiamo.it\/fr\/typ-fr-tsb26-si-bonifico-pp\/#primaryimage"},"thumbnailUrl":"https:\/\/www.pitturiamo.it\/wp-content\/uploads\/tre-volumikindleamazon.jpg","inLanguage":"fr-FR"},{"@type":"WebPage","@id":"https:\/\/www.pitturiamo.it\/fr\/typ-fr-tsb26-si-bonifico-pp\/","url":"https:\/\/www.pitturiamo.it\/fr\/typ-fr-tsb26-si-bonifico-pp\/","name":"TYP TSB26 Bonifico o PostePay &gt; FRANCESE - PitturiAmo","isPartOf":{"@id":"https:\/\/www.pitturiamo.it\/fr\/#website"},"primaryImageOfPage":{"@id":"https:\/\/www.pitturiamo.it\/fr\/typ-fr-tsb26-si-bonifico-pp\/#primaryimage"},"image":{"@id":"https:\/\/www.pitturiamo.it\/fr\/typ-fr-tsb26-si-bonifico-pp\/#primaryimage"},"thumbnailUrl":"https:\/\/www.pitturiamo.it\/wp-content\/uploads\/tre-volumikindleamazon.jpg","datePublished":"2026-02-14T10:50:28+00:00","dateModified":"2026-02-19T10:25:09+00:00","description":"Publiez vos \u0153uvres sur l\u2019Atlas Giunti de l\u2019Art Contemporain et apportez votre art au MoMA de New York ainsi que dans plus de 260 librairies \u00e0 travers l\u2019Italie.","breadcrumb":{"@id":"https:\/\/www.pitturiamo.it\/fr\/typ-fr-tsb26-si-bonifico-pp\/#breadcrumb"},"inLanguage":"fr-FR","potentialAction":[{"@type":"ReadAction","target":["https:\/\/www.pitturiamo.it\/fr\/typ-fr-tsb26-si-bonifico-pp\/"]}]},{"@type":"ImageObject","inLanguage":"fr-FR","@id":"https:\/\/www.pitturiamo.it\/fr\/typ-fr-tsb26-si-bonifico-pp\/#primaryimage","url":"https:\/\/www.pitturiamo.it\/wp-content\/uploads\/tre-volumikindleamazon.jpg","contentUrl":"https:\/\/www.pitturiamo.it\/wp-content\/uploads\/tre-volumikindleamazon.jpg","width":1200,"height":1390,"caption":"L'arte di farsi conoscere"},{"@type":"BreadcrumbList","@id":"https:\/\/www.pitturiamo.it\/fr\/typ-fr-tsb26-si-bonifico-pp\/#breadcrumb","itemListElement":[{"@type":"ListItem","position":1,"name":"Home","item":"https:\/\/www.pitturiamo.it\/fr\/"},{"@type":"ListItem","position":2,"name":"TYP TSB26 Bonifico o PostePay &gt; FRANCESE"}]},{"@type":"WebSite","@id":"https:\/\/www.pitturiamo.it\/fr\/#website","url":"https:\/\/www.pitturiamo.it\/fr\/","name":"PitturiAmo IT","description":"Il portale che promuove l&#039;arte","publisher":{"@id":"https:\/\/www.pitturiamo.it\/fr\/#organization"},"potentialAction":[{"@type":"SearchAction","target":{"@type":"EntryPoint","urlTemplate":"https:\/\/www.pitturiamo.it\/fr\/?s={search_term_string}"},"query-input":"required name=search_term_string"}],"inLanguage":"fr-FR"},{"@type":"Organization","@id":"https:\/\/www.pitturiamo.it\/fr\/#organization","name":"PitturiAmo IT","url":"https:\/\/www.pitturiamo.it\/fr\/","logo":{"@type":"ImageObject","inLanguage":"fr-FR","@id":"https:\/\/www.pitturiamo.it\/fr\/#\/schema\/logo\/image\/","url":"https:\/\/www.pitturiamo.it\/wp-content\/uploads\/cropped-PitturiAmo-1.png","contentUrl":"https:\/\/www.pitturiamo.it\/wp-content\/uploads\/cropped-PitturiAmo-1.png","width":519,"height":204,"caption":"PitturiAmo IT"},"image":{"@id":"https:\/\/www.pitturiamo.it\/fr\/#\/schema\/logo\/image\/"},"sameAs":["https:\/\/www.facebook.com\/PitturiAmo"]},{"@type":"Person","@id":"https:\/\/www.pitturiamo.it\/fr\/#\/schema\/person\/4e985700c85a7eb0398941eefc404c4a","name":"Redazione","image":{"@type":"ImageObject","inLanguage":"fr-FR","@id":"https:\/\/www.pitturiamo.it\/fr\/#\/schema\/person\/image\/","url":"https:\/\/secure.gravatar.com\/avatar\/2260a643382767a6b4184449968af668?s=96&d=mm&r=g","contentUrl":"https:\/\/secure.gravatar.com\/avatar\/2260a643382767a6b4184449968af668?s=96&d=mm&r=g","caption":"Redazione"},"sameAs":["https:\/\/www.pitturiamo.it"],"url":"https:\/\/www.pitturiamo.it\/fr\/author\/adminwppit10\/"}]}},"_links":{"self":[{"href":"https:\/\/www.pitturiamo.it\/fr\/wp-json\/wp\/v2\/pages\/987516983"}],"collection":[{"href":"https:\/\/www.pitturiamo.it\/fr\/wp-json\/wp\/v2\/pages"}],"about":[{"href":"https:\/\/www.pitturiamo.it\/fr\/wp-json\/wp\/v2\/types\/page"}],"author":[{"embeddable":true,"href":"https:\/\/www.pitturiamo.it\/fr\/wp-json\/wp\/v2\/users\/1"}],"replies":[{"embeddable":true,"href":"https:\/\/www.pitturiamo.it\/fr\/wp-json\/wp\/v2\/comments?post=987516983"}],"version-history":[{"count":5,"href":"https:\/\/www.pitturiamo.it\/fr\/wp-json\/wp\/v2\/pages\/987516983\/revisions"}],"predecessor-version":[{"id":987517089,"href":"https:\/\/www.pitturiamo.it\/fr\/wp-json\/wp\/v2\/pages\/987516983\/revisions\/987517089"}],"wp:attachment":[{"href":"https:\/\/www.pitturiamo.it\/fr\/wp-json\/wp\/v2\/media?parent=987516983"}],"curies":[{"name":"wp","href":"https:\/\/api.w.org\/{rel}","templated":true}]}}