{"id":987517057,"date":"2026-02-14T11:50:28","date_gmt":"2026-02-14T10:50:28","guid":{"rendered":"https:\/\/www.pitturiamo.it\/typ-es-tsb26-si-bonifico-pp\/"},"modified":"2026-02-19T11:19:13","modified_gmt":"2026-02-19T10:19:13","slug":"typ-es-tsb26-si-bonifico-pp","status":"publish","type":"page","link":"https:\/\/www.pitturiamo.it\/es\/typ-es-tsb26-si-bonifico-pp\/","title":{"rendered":"TYP TSB26 Bonifico o PostePay &gt; SPAGNOLO"},"content":{"rendered":"<p>[et_pb_section fb_built=\u00bb1&#8243; custom_padding_last_edited=\u00bboff|desktop\u00bb _builder_version=\u00bb4.24.0&#8243; _module_preset=\u00bbdefault\u00bb custom_padding=\u00bb84px|20px|0px|20px|false|false\u00bb custom_padding_tablet=\u00bb0px|20px|0px|20px\u00bb transparent_background=\u00bboff\u00bb make_fullwidth=\u00bboff\u00bb use_custom_width=\u00bboff\u00bb width_unit=\u00bbon\u00bb global_colors_info=\u00bb{}\u00bb][et_pb_row _builder_version=\u00bb4.16&#8243; _module_preset=\u00bbdefault\u00bb global_colors_info=\u00bb{}\u00bb][et_pb_column type=\u00bb4_4&#8243; _builder_version=\u00bb4.16&#8243; _module_preset=\u00bbdefault\u00bb global_colors_info=\u00bb{}\u00bb][et_pb_image src=\u00bbhttps:\/\/www.pitturiamo.it\/wp-content\/uploads\/Logo-PitturiAmo-Network-con-tagline.jpg\u00bb alt=\u00bbLogotipo de la Red PitturiAmo\u00bb title_text=\u00bbLogotipo de PitturiAmo con eslogan\u00bb align=\u00bbcenter\u00bb admin_label=\u00bbLogo PitturiAmo\u00bb _builder_version=\u00bb4.24.0&#8243; _module_preset=\u00bbdefault\u00bb width=\u00bb26%\u00bb width_tablet=\u00bb50%\u00bb width_phone=\u00bb50%\u00bb width_last_edited=\u00bbon|tablet\u00bb max_width=\u00bb100%\u00bb global_colors_info=\u00bb{}\u00bb][\/et_pb_image][\/et_pb_column][\/et_pb_row][\/et_pb_section][et_pb_section fb_built=\u00bb1&#8243; _builder_version=\u00bb4.24.0&#8243; _module_preset=\u00bbdefault\u00bb custom_padding=\u00bb10px||10px||true|false\u00bb top_divider_style=\u00bbwaves2&#8243; top_divider_color=\u00bb#9e2362&#8243; bottom_divider_color=\u00bb#9e2362&#8243; bottom_divider_height=\u00bb52px\u00bb bottom_divider_repeat=\u00bb1x\u00bb bottom_divider_flip=\u00bbhorizontal\u00bb global_colors_info=\u00bb{}\u00bb][et_pb_row _builder_version=\u00bb4.24.0&#8243; _module_preset=\u00bbdefault\u00bb custom_padding=\u00bb||0px|||\u00bb global_colors_info=\u00bb{}\u00bb][et_pb_column type=\u00bb4_4&#8243; _builder_version=\u00bb4.24.0&#8243; _module_preset=\u00bbdefault\u00bb global_colors_info=\u00bb{}\u00bb][et_pb_text _builder_version=\u00bb4.24.0&#8243; _module_preset=\u00bbdefault\u00bb text_text_color=\u00bb#7a7a7a\u00bb text_font_size=\u00bb20px\u00bb ol_font_size=\u00bb20px\u00bb ol_line_height=\u00bb1.2em\u00bb header_text_color=\u00bb#7a7a7a\u00bb header_2_text_color=\u00bb#7a7a7a\u00bb custom_padding=\u00bb77px||77px||true|false\u00bb global_colors_info=\u00bb{}\u00bb]<\/p>\n<h1 style=\"text-align: center;\"><strong>Gracias<\/strong><\/h1>\n<p>&nbsp;<\/p>\n<h2 style=\"text-align: center;\"><strong>Ahora puedes proceder con el pago, revisa tu correo electr\u00f3nico para comprobar los m\u00e9todos con transferencia bancaria o recarga de PostePay<\/strong><\/h2>\n<h2 style=\"text-align: center;\"><strong> <\/strong><\/h2>\n<p style=\"text-align: center;\"><strong>Despu\u00e9s de realizar el pago, por favor env\u00eda una copia del recibo <a href=\"mailto:redazione@pitturiamo.eu\">a redazione@pitturiamo.eu<\/a><\/strong><\/p>\n<p>Verificaremos que su pago haya sido exitoso y nos pondremos en contacto con usted para seleccionar, junto a usted, las mejores obras para su participaci\u00f3n.<\/p>\n<h1><strong>As\u00ed es como prepararte mejor para este evento.<\/strong><\/h1>\n<p><a href=\"https:\/\/www.pitturiamo.it\/larte-di-farsi-conoscere-es\/\"><img decoding=\"async\" class=\"alignleft\" style=\"width: 300px;\" src=\"https:\/\/www.pitturiamo.it\/wp-content\/uploads\/tre-volumikindleamazon.jpg\"><\/a><\/p>\n<p>Si quieres <strong style=\"color: #7a7a7a;\">aprovechar<\/strong> al m\u00e1ximo tu participaci\u00f3n en este evento, te recomendamos leer:<\/p>\n<p>\u00ab<a style=\"color: #7a7a7a;\" href=\"https:\/\/www.pitturiamo.it\/larte-di-farsi-conoscere-es\/\"><strong>El arte de hacerse conocer<\/strong><\/a> : <em>consejos de marketing para artistas emergentes y consolidados<\/em>\u00ab.<\/p>\n<p>El nuevo libro de <strong style=\"color: #7a7a7a;\">Nino Argentati<\/strong> en el que encontrar\u00e1s numerosos consejos \u00fatiles para tu promoci\u00f3n como artista.<\/p>\n<p><a href=\"https:\/\/www.pitturiamo.it\/larte-di-farsi-conoscere-es\/\">Descarga ahora un extracto gratuito.<\/a><\/p>\n<p>[\/et_pb_text][\/et_pb_column][\/et_pb_row][\/et_pb_section][et_pb_section fb_built=\u00bb1&#8243; fullwidth=\u00bbon\u00bb custom_padding_last_edited=\u00bbon|phone\u00bb disabled_on=\u00bboff|off|off\u00bb _builder_version=\u00bb4.16&#8243; _module_preset=\u00bbdefault\u00bb background_color=\u00bb#000000&#8243; custom_margin_tablet=\u00bb\u00bb custom_margin_phone=\u00bb|0px||0px|false|false\u00bb custom_margin_last_edited=\u00bbon|phone\u00bb custom_padding=\u00bb0px||0px|\u00bb custom_padding_tablet=\u00bb0px|0px|0px|0px\u00bb custom_padding_phone=\u00bb\u00bb custom_css_main_element=\u00bbmargin: 0px !important; padding: 0px !important;\u00bb transparent_background=\u00bboff\u00bb make_fullwidth=\u00bboff\u00bb use_custom_width=\u00bboff\u00bb width_unit=\u00bbon\u00bb global_colors_info=\u00bb{}\u00bb][et_pb_fullwidth_header title=\u00bbPitturiAmo A.P.S.\u00bb subhead=\u00bbV\u00eda Filippo Turati, 22 &#8211; 93100 Caltanissetta &#8211; P.IVA e C.F. 02092300850 &#8211; info@pitturiamo.com &#8211; REA: CL-119175.\u00bb _builder_version=\u00bb4.16&#8243; _module_preset=\u00bbdefault\u00bb background_color=\u00bb#333333&#8243; width=\u00bb100%\u00bb max_width=\u00bb100%\u00bb custom_margin=\u00bb||||false|false\u00bb custom_margin_tablet=\u00bb||||false|false\u00bb custom_margin_phone=\u00bb|5px||5px|false|false\u00bb custom_margin_last_edited=\u00bbon|desktop\u00bb custom_padding=\u00bb|0px||0px|false|false\u00bb custom_padding_tablet=\u00bb|0px||0px|false|false\u00bb custom_padding_phone=\u00bb|0px||0px|false|false\u00bb custom_padding_last_edited=\u00bbon|desktop\u00bb custom_css_content=\u00bbmargin-top:50px;\u00bb global_colors_info=\u00bb{}\u00bb]<\/p>\n<p><strong>Derechos de autor<\/strong> &#8211; Todo el contenido de esta p\u00e1gina (textos, im\u00e1genes, gr\u00e1ficos y maquetaci\u00f3n) es propiedad de PitturiAmo y est\u00e1 protegido por derechos de autor. Por tanto, est\u00e1 prohibido copiar, publicar, reescribir, comercializar o distribuir, aunque sea en parte. Todos los documentos de este sitio, que est\u00e1n disponibles para descarga gratuita, est\u00e1n destinados \u00fanicamente a uso personal. Pueden redistribuirse, siempre de forma gratuita y sin ning\u00fan prop\u00f3sito il\u00edcito o comercial, siempre que no se alteren en ning\u00fan tipo (textos, im\u00e1genes, gr\u00e1ficos, maquetaci\u00f3n), manteniendo claramente a PitturiAmo como propietario del contenido. <strong>Cualquier infracci\u00f3n ser\u00e1 procesada conforme a la legislaci\u00f3n vigente<\/strong>.   <\/p>\n<p>&nbsp;<\/p>\n<p>[\/et_pb_fullwidth_header][\/et_pb_section]<\/p>\n","protected":false},"excerpt":{"rendered":"<p>Gracias &nbsp; Ahora puedes proceder con el pago,&#8230;<\/p>\n","protected":false},"author":1,"featured_media":0,"parent":0,"menu_order":0,"comment_status":"closed","ping_status":"closed","template":"blank-slate-template.php","meta":{"_et_pb_use_builder":"on","_et_pb_old_content":"","_et_gb_content_width":"","footnotes":""},"yoast_head":"<!-- This site is optimized with the Yoast SEO plugin v22.2 - https:\/\/yoast.com\/wordpress\/plugins\/seo\/ -->\n<title>TYP TSB26 Bonifico o PostePay &gt; SPAGNOLO - PitturiAmo<\/title>\n<meta name=\"description\" content=\"Publica tus obras en el Giunti Atlas de Arte Contempor\u00e1neo y lleva tu arte al MoMA de Nueva York y a m\u00e1s de 260 librer\u00edas en toda Italia.\" \/>\n<meta name=\"robots\" content=\"index, follow, max-snippet:-1, max-image-preview:large, max-video-preview:-1\" \/>\n<link rel=\"canonical\" href=\"https:\/\/www.pitturiamo.it\/es\/typ-es-tsb26-si-bonifico-pp\/\" \/>\n<meta property=\"og:locale\" content=\"es_ES\" \/>\n<meta property=\"og:type\" content=\"article\" \/>\n<meta property=\"og:title\" content=\"Atlas de Arte Contempor\u00e1neo Giunti\" \/>\n<meta property=\"og:description\" content=\"Publica tus obras en el Giunti Atlas de Arte Contempor\u00e1neo y lleva tu arte al MoMA de Nueva York y a m\u00e1s de 260 librer\u00edas en toda Italia.\" \/>\n<meta property=\"og:url\" content=\"https:\/\/www.pitturiamo.it\/es\/typ-es-tsb26-si-bonifico-pp\/\" \/>\n<meta property=\"og:site_name\" content=\"PitturiAmo\" \/>\n<meta property=\"article:publisher\" content=\"https:\/\/www.facebook.com\/PitturiAmo\" \/>\n<meta property=\"article:modified_time\" content=\"2026-02-19T10:19:13+00:00\" \/>\n<meta property=\"og:image\" content=\"https:\/\/www.pitturiamo.it\/wp-content\/uploads\/atlante-arte-contemporanea-giunti-1024x512.jpg\" \/>\n<meta name=\"twitter:card\" content=\"summary_large_image\" \/>\n<meta name=\"twitter:title\" content=\"Atlas de Arte Contempor\u00e1neo Giunti\" \/>\n<meta name=\"twitter:description\" content=\"Publica tus obras en el Giunti Atlas de Arte Contempor\u00e1neo y lleva tu arte al MoMA de Nueva York y a m\u00e1s de 260 librer\u00edas en toda Italia.\" \/>\n<meta name=\"twitter:image\" content=\"https:\/\/www.pitturiamo.it\/wp-content\/uploads\/atlante-arte-contemporanea-giunti.jpg\" \/>\n<meta name=\"twitter:label1\" content=\"Tiempo de lectura\" \/>\n\t<meta name=\"twitter:data1\" content=\"3 minutos\" \/>\n<script type=\"application\/ld+json\" class=\"yoast-schema-graph\">{\"@context\":\"https:\/\/schema.org\",\"@graph\":[{\"@type\":\"NewsArticle\",\"@id\":\"https:\/\/www.pitturiamo.it\/es\/typ-es-tsb26-si-bonifico-pp\/#article\",\"isPartOf\":{\"@id\":\"https:\/\/www.pitturiamo.it\/es\/typ-es-tsb26-si-bonifico-pp\/\"},\"author\":{\"name\":\"Redazione\",\"@id\":\"https:\/\/www.pitturiamo.it\/es\/#\/schema\/person\/4e985700c85a7eb0398941eefc404c4a\"},\"headline\":\"TYP TSB26 Bonifico o PostePay &gt; SPAGNOLO\",\"datePublished\":\"2026-02-14T10:50:28+00:00\",\"dateModified\":\"2026-02-19T10:19:13+00:00\",\"mainEntityOfPage\":{\"@id\":\"https:\/\/www.pitturiamo.it\/es\/typ-es-tsb26-si-bonifico-pp\/\"},\"wordCount\":697,\"publisher\":{\"@id\":\"https:\/\/www.pitturiamo.it\/es\/#organization\"},\"image\":{\"@id\":\"https:\/\/www.pitturiamo.it\/es\/typ-es-tsb26-si-bonifico-pp\/#primaryimage\"},\"thumbnailUrl\":\"https:\/\/www.pitturiamo.it\/wp-content\/uploads\/tre-volumikindleamazon.jpg\",\"inLanguage\":\"es\"},{\"@type\":\"WebPage\",\"@id\":\"https:\/\/www.pitturiamo.it\/es\/typ-es-tsb26-si-bonifico-pp\/\",\"url\":\"https:\/\/www.pitturiamo.it\/es\/typ-es-tsb26-si-bonifico-pp\/\",\"name\":\"TYP TSB26 Bonifico o PostePay &gt; SPAGNOLO - PitturiAmo\",\"isPartOf\":{\"@id\":\"https:\/\/www.pitturiamo.it\/es\/#website\"},\"primaryImageOfPage\":{\"@id\":\"https:\/\/www.pitturiamo.it\/es\/typ-es-tsb26-si-bonifico-pp\/#primaryimage\"},\"image\":{\"@id\":\"https:\/\/www.pitturiamo.it\/es\/typ-es-tsb26-si-bonifico-pp\/#primaryimage\"},\"thumbnailUrl\":\"https:\/\/www.pitturiamo.it\/wp-content\/uploads\/tre-volumikindleamazon.jpg\",\"datePublished\":\"2026-02-14T10:50:28+00:00\",\"dateModified\":\"2026-02-19T10:19:13+00:00\",\"description\":\"Publica tus obras en el Giunti Atlas de Arte Contempor\u00e1neo y lleva tu arte al MoMA de Nueva York y a m\u00e1s de 260 librer\u00edas en toda Italia.\",\"breadcrumb\":{\"@id\":\"https:\/\/www.pitturiamo.it\/es\/typ-es-tsb26-si-bonifico-pp\/#breadcrumb\"},\"inLanguage\":\"es\",\"potentialAction\":[{\"@type\":\"ReadAction\",\"target\":[\"https:\/\/www.pitturiamo.it\/es\/typ-es-tsb26-si-bonifico-pp\/\"]}]},{\"@type\":\"ImageObject\",\"inLanguage\":\"es\",\"@id\":\"https:\/\/www.pitturiamo.it\/es\/typ-es-tsb26-si-bonifico-pp\/#primaryimage\",\"url\":\"https:\/\/www.pitturiamo.it\/wp-content\/uploads\/tre-volumikindleamazon.jpg\",\"contentUrl\":\"https:\/\/www.pitturiamo.it\/wp-content\/uploads\/tre-volumikindleamazon.jpg\",\"width\":1200,\"height\":1390,\"caption\":\"L'arte di farsi conoscere\"},{\"@type\":\"BreadcrumbList\",\"@id\":\"https:\/\/www.pitturiamo.it\/es\/typ-es-tsb26-si-bonifico-pp\/#breadcrumb\",\"itemListElement\":[{\"@type\":\"ListItem\",\"position\":1,\"name\":\"Home\",\"item\":\"https:\/\/www.pitturiamo.it\/es\/\"},{\"@type\":\"ListItem\",\"position\":2,\"name\":\"TYP TSB26 Bonifico o PostePay &gt; SPAGNOLO\"}]},{\"@type\":\"WebSite\",\"@id\":\"https:\/\/www.pitturiamo.it\/es\/#website\",\"url\":\"https:\/\/www.pitturiamo.it\/es\/\",\"name\":\"PitturiAmo IT\",\"description\":\"Il portale che promuove l&#039;arte\",\"publisher\":{\"@id\":\"https:\/\/www.pitturiamo.it\/es\/#organization\"},\"potentialAction\":[{\"@type\":\"SearchAction\",\"target\":{\"@type\":\"EntryPoint\",\"urlTemplate\":\"https:\/\/www.pitturiamo.it\/es\/?s={search_term_string}\"},\"query-input\":\"required name=search_term_string\"}],\"inLanguage\":\"es\"},{\"@type\":\"Organization\",\"@id\":\"https:\/\/www.pitturiamo.it\/es\/#organization\",\"name\":\"PitturiAmo IT\",\"url\":\"https:\/\/www.pitturiamo.it\/es\/\",\"logo\":{\"@type\":\"ImageObject\",\"inLanguage\":\"es\",\"@id\":\"https:\/\/www.pitturiamo.it\/es\/#\/schema\/logo\/image\/\",\"url\":\"https:\/\/www.pitturiamo.it\/wp-content\/uploads\/cropped-PitturiAmo-1.png\",\"contentUrl\":\"https:\/\/www.pitturiamo.it\/wp-content\/uploads\/cropped-PitturiAmo-1.png\",\"width\":519,\"height\":204,\"caption\":\"PitturiAmo IT\"},\"image\":{\"@id\":\"https:\/\/www.pitturiamo.it\/es\/#\/schema\/logo\/image\/\"},\"sameAs\":[\"https:\/\/www.facebook.com\/PitturiAmo\"]},{\"@type\":\"Person\",\"@id\":\"https:\/\/www.pitturiamo.it\/es\/#\/schema\/person\/4e985700c85a7eb0398941eefc404c4a\",\"name\":\"Redazione\",\"image\":{\"@type\":\"ImageObject\",\"inLanguage\":\"es\",\"@id\":\"https:\/\/www.pitturiamo.it\/es\/#\/schema\/person\/image\/\",\"url\":\"https:\/\/secure.gravatar.com\/avatar\/2260a643382767a6b4184449968af668?s=96&d=mm&r=g\",\"contentUrl\":\"https:\/\/secure.gravatar.com\/avatar\/2260a643382767a6b4184449968af668?s=96&d=mm&r=g\",\"caption\":\"Redazione\"},\"sameAs\":[\"https:\/\/www.pitturiamo.it\"],\"url\":\"https:\/\/www.pitturiamo.it\/es\/author\/adminwppit10\/\"}]}<\/script>\n<!-- \/ Yoast SEO plugin. -->","yoast_head_json":{"title":"TYP TSB26 Bonifico o PostePay &gt; SPAGNOLO - PitturiAmo","description":"Publica tus obras en el Giunti Atlas de Arte Contempor\u00e1neo y lleva tu arte al MoMA de Nueva York y a m\u00e1s de 260 librer\u00edas en toda Italia.","robots":{"index":"index","follow":"follow","max-snippet":"max-snippet:-1","max-image-preview":"max-image-preview:large","max-video-preview":"max-video-preview:-1"},"canonical":"https:\/\/www.pitturiamo.it\/es\/typ-es-tsb26-si-bonifico-pp\/","og_locale":"es_ES","og_type":"article","og_title":"Atlas de Arte Contempor\u00e1neo Giunti","og_description":"Publica tus obras en el Giunti Atlas de Arte Contempor\u00e1neo y lleva tu arte al MoMA de Nueva York y a m\u00e1s de 260 librer\u00edas en toda Italia.","og_url":"https:\/\/www.pitturiamo.it\/es\/typ-es-tsb26-si-bonifico-pp\/","og_site_name":"PitturiAmo","article_publisher":"https:\/\/www.facebook.com\/PitturiAmo","article_modified_time":"2026-02-19T10:19:13+00:00","og_image":[{"url":"https:\/\/www.pitturiamo.it\/wp-content\/uploads\/atlante-arte-contemporanea-giunti-1024x512.jpg"}],"twitter_card":"summary_large_image","twitter_title":"Atlas de Arte Contempor\u00e1neo Giunti","twitter_description":"Publica tus obras en el Giunti Atlas de Arte Contempor\u00e1neo y lleva tu arte al MoMA de Nueva York y a m\u00e1s de 260 librer\u00edas en toda Italia.","twitter_image":"https:\/\/www.pitturiamo.it\/wp-content\/uploads\/atlante-arte-contemporanea-giunti.jpg","twitter_misc":{"Tiempo de lectura":"3 minutos"},"schema":{"@context":"https:\/\/schema.org","@graph":[{"@type":"NewsArticle","@id":"https:\/\/www.pitturiamo.it\/es\/typ-es-tsb26-si-bonifico-pp\/#article","isPartOf":{"@id":"https:\/\/www.pitturiamo.it\/es\/typ-es-tsb26-si-bonifico-pp\/"},"author":{"name":"Redazione","@id":"https:\/\/www.pitturiamo.it\/es\/#\/schema\/person\/4e985700c85a7eb0398941eefc404c4a"},"headline":"TYP TSB26 Bonifico o PostePay &gt; SPAGNOLO","datePublished":"2026-02-14T10:50:28+00:00","dateModified":"2026-02-19T10:19:13+00:00","mainEntityOfPage":{"@id":"https:\/\/www.pitturiamo.it\/es\/typ-es-tsb26-si-bonifico-pp\/"},"wordCount":697,"publisher":{"@id":"https:\/\/www.pitturiamo.it\/es\/#organization"},"image":{"@id":"https:\/\/www.pitturiamo.it\/es\/typ-es-tsb26-si-bonifico-pp\/#primaryimage"},"thumbnailUrl":"https:\/\/www.pitturiamo.it\/wp-content\/uploads\/tre-volumikindleamazon.jpg","inLanguage":"es"},{"@type":"WebPage","@id":"https:\/\/www.pitturiamo.it\/es\/typ-es-tsb26-si-bonifico-pp\/","url":"https:\/\/www.pitturiamo.it\/es\/typ-es-tsb26-si-bonifico-pp\/","name":"TYP TSB26 Bonifico o PostePay &gt; SPAGNOLO - PitturiAmo","isPartOf":{"@id":"https:\/\/www.pitturiamo.it\/es\/#website"},"primaryImageOfPage":{"@id":"https:\/\/www.pitturiamo.it\/es\/typ-es-tsb26-si-bonifico-pp\/#primaryimage"},"image":{"@id":"https:\/\/www.pitturiamo.it\/es\/typ-es-tsb26-si-bonifico-pp\/#primaryimage"},"thumbnailUrl":"https:\/\/www.pitturiamo.it\/wp-content\/uploads\/tre-volumikindleamazon.jpg","datePublished":"2026-02-14T10:50:28+00:00","dateModified":"2026-02-19T10:19:13+00:00","description":"Publica tus obras en el Giunti Atlas de Arte Contempor\u00e1neo y lleva tu arte al MoMA de Nueva York y a m\u00e1s de 260 librer\u00edas en toda Italia.","breadcrumb":{"@id":"https:\/\/www.pitturiamo.it\/es\/typ-es-tsb26-si-bonifico-pp\/#breadcrumb"},"inLanguage":"es","potentialAction":[{"@type":"ReadAction","target":["https:\/\/www.pitturiamo.it\/es\/typ-es-tsb26-si-bonifico-pp\/"]}]},{"@type":"ImageObject","inLanguage":"es","@id":"https:\/\/www.pitturiamo.it\/es\/typ-es-tsb26-si-bonifico-pp\/#primaryimage","url":"https:\/\/www.pitturiamo.it\/wp-content\/uploads\/tre-volumikindleamazon.jpg","contentUrl":"https:\/\/www.pitturiamo.it\/wp-content\/uploads\/tre-volumikindleamazon.jpg","width":1200,"height":1390,"caption":"L'arte di farsi conoscere"},{"@type":"BreadcrumbList","@id":"https:\/\/www.pitturiamo.it\/es\/typ-es-tsb26-si-bonifico-pp\/#breadcrumb","itemListElement":[{"@type":"ListItem","position":1,"name":"Home","item":"https:\/\/www.pitturiamo.it\/es\/"},{"@type":"ListItem","position":2,"name":"TYP TSB26 Bonifico o PostePay &gt; SPAGNOLO"}]},{"@type":"WebSite","@id":"https:\/\/www.pitturiamo.it\/es\/#website","url":"https:\/\/www.pitturiamo.it\/es\/","name":"PitturiAmo IT","description":"Il portale che promuove l&#039;arte","publisher":{"@id":"https:\/\/www.pitturiamo.it\/es\/#organization"},"potentialAction":[{"@type":"SearchAction","target":{"@type":"EntryPoint","urlTemplate":"https:\/\/www.pitturiamo.it\/es\/?s={search_term_string}"},"query-input":"required name=search_term_string"}],"inLanguage":"es"},{"@type":"Organization","@id":"https:\/\/www.pitturiamo.it\/es\/#organization","name":"PitturiAmo IT","url":"https:\/\/www.pitturiamo.it\/es\/","logo":{"@type":"ImageObject","inLanguage":"es","@id":"https:\/\/www.pitturiamo.it\/es\/#\/schema\/logo\/image\/","url":"https:\/\/www.pitturiamo.it\/wp-content\/uploads\/cropped-PitturiAmo-1.png","contentUrl":"https:\/\/www.pitturiamo.it\/wp-content\/uploads\/cropped-PitturiAmo-1.png","width":519,"height":204,"caption":"PitturiAmo IT"},"image":{"@id":"https:\/\/www.pitturiamo.it\/es\/#\/schema\/logo\/image\/"},"sameAs":["https:\/\/www.facebook.com\/PitturiAmo"]},{"@type":"Person","@id":"https:\/\/www.pitturiamo.it\/es\/#\/schema\/person\/4e985700c85a7eb0398941eefc404c4a","name":"Redazione","image":{"@type":"ImageObject","inLanguage":"es","@id":"https:\/\/www.pitturiamo.it\/es\/#\/schema\/person\/image\/","url":"https:\/\/secure.gravatar.com\/avatar\/2260a643382767a6b4184449968af668?s=96&d=mm&r=g","contentUrl":"https:\/\/secure.gravatar.com\/avatar\/2260a643382767a6b4184449968af668?s=96&d=mm&r=g","caption":"Redazione"},"sameAs":["https:\/\/www.pitturiamo.it"],"url":"https:\/\/www.pitturiamo.it\/es\/author\/adminwppit10\/"}]}},"_links":{"self":[{"href":"https:\/\/www.pitturiamo.it\/es\/wp-json\/wp\/v2\/pages\/987517057"}],"collection":[{"href":"https:\/\/www.pitturiamo.it\/es\/wp-json\/wp\/v2\/pages"}],"about":[{"href":"https:\/\/www.pitturiamo.it\/es\/wp-json\/wp\/v2\/types\/page"}],"author":[{"embeddable":true,"href":"https:\/\/www.pitturiamo.it\/es\/wp-json\/wp\/v2\/users\/1"}],"replies":[{"embeddable":true,"href":"https:\/\/www.pitturiamo.it\/es\/wp-json\/wp\/v2\/comments?post=987517057"}],"version-history":[{"count":5,"href":"https:\/\/www.pitturiamo.it\/es\/wp-json\/wp\/v2\/pages\/987517057\/revisions"}],"predecessor-version":[{"id":987517077,"href":"https:\/\/www.pitturiamo.it\/es\/wp-json\/wp\/v2\/pages\/987517057\/revisions\/987517077"}],"wp:attachment":[{"href":"https:\/\/www.pitturiamo.it\/es\/wp-json\/wp\/v2\/media?parent=987517057"}],"curies":[{"name":"wp","href":"https:\/\/api.w.org\/{rel}","templated":true}]}}