{"id":987517140,"date":"2026-02-14T11:50:28","date_gmt":"2026-02-14T10:50:28","guid":{"rendered":"https:\/\/www.pitturiamo.it\/typ-de-tsb26-si-bonifico-pp\/"},"modified":"2026-02-19T12:02:13","modified_gmt":"2026-02-19T11:02:13","slug":"typ-de-tsb26-si-bonifico-pp","status":"publish","type":"page","link":"https:\/\/www.pitturiamo.it\/de\/typ-de-tsb26-si-bonifico-pp\/","title":{"rendered":"TYP TSB26 Bonifico o PostePay &gt; TEDESCO"},"content":{"rendered":"<p>[et_pb_section fb_built=&#8220;1&#8243; custom_padding_last_edited=&#8220;off|desktop&#8220; _builder_version=&#8220;4.24.0&#8243; _module_preset=&#8220;default&#8220; custom_padding=&#8220;84px|20px|0px|20px|false|false&#8220; custom_padding_tablet=&#8220;0px|20px|0px|20px&#8220; transparent_background=&#8220;off&#8220; make_fullwidth=&#8220;off&#8220; use_custom_width=&#8220;off&#8220; width_unit=&#8220;on&#8220; global_colors_info=&#8220;{}&#8220;][et_pb_row _builder_version=&#8220;4.16&#8243; _module_preset=&#8220;default&#8220; global_colors_info=&#8220;{}&#8220;][et_pb_column type=&#8220;4_4&#8243; _builder_version=&#8220;4.16&#8243; _module_preset=&#8220;default&#8220; global_colors_info=&#8220;{}&#8220;][et_pb_image src=&#8220;https:\/\/www.pitturiamo.it\/wp-content\/uploads\/Logo-PitturiAmo-Network-con-tagline.jpg&#8220; alt=&#8220;Logo PitturiAmo Netzwerk&#8220; title_text=&#8220;PitturiAmo-Logo mit Slogan&#8220; align=&#8220;center&#8220; admin_label=&#8220;Logo PitturiAmo&#8220; _builder_version=&#8220;4.24.0&#8243; _module_preset=&#8220;default&#8220; width=&#8220;26%&#8220; width_tablet=&#8220;50%&#8220; width_phone=&#8220;50%&#8220; width_last_edited=&#8220;on|tablet&#8220; max_width=&#8220;100%&#8220; global_colors_info=&#8220;{}&#8220;][\/et_pb_image][\/et_pb_column][\/et_pb_row][\/et_pb_section][et_pb_section fb_built=&#8220;1&#8243; _builder_version=&#8220;4.24.0&#8243; _module_preset=&#8220;default&#8220; custom_padding=&#8220;10px||10px||true|false&#8220; top_divider_style=&#8220;waves2&#8243; top_divider_color=&#8220;#9e2362&#8243; bottom_divider_color=&#8220;#9e2362&#8243; bottom_divider_height=&#8220;52px&#8220; bottom_divider_repeat=&#8220;1x&#8220; bottom_divider_flip=&#8220;horizontal&#8220; global_colors_info=&#8220;{}&#8220;][et_pb_row _builder_version=&#8220;4.24.0&#8243; _module_preset=&#8220;default&#8220; custom_padding=&#8220;||0px|||&#8220; global_colors_info=&#8220;{}&#8220;][et_pb_column type=&#8220;4_4&#8243; _builder_version=&#8220;4.24.0&#8243; _module_preset=&#8220;default&#8220; global_colors_info=&#8220;{}&#8220;][et_pb_text _builder_version=&#8220;4.24.0&#8243; _module_preset=&#8220;default&#8220; text_text_color=&#8220;#7a7a7a&#8220; text_font_size=&#8220;20px&#8220; ol_font_size=&#8220;20px&#8220; ol_line_height=&#8220;1.2em&#8220; header_text_color=&#8220;#7a7a7a&#8220; header_2_text_color=&#8220;#7a7a7a&#8220; custom_padding=&#8220;77px||77px||true|false&#8220; global_colors_info=&#8220;{}&#8220;]<\/p>\n<h1 style=\"text-align: center;\"><strong>Danke<\/strong><\/h1>\n<p>&nbsp;<\/p>\n<h2 style=\"text-align: center;\"><strong>Jetzt k\u00f6nnen Sie mit der Zahlung fortfahren, Ihre E-Mails \u00fcberpr\u00fcfen, um die Methoden mit Bank\u00fcberweisung oder PostePay-Aufladung zu \u00fcberpr\u00fcfen<\/strong><\/h2>\n<h2 style=\"text-align: center;\"><strong> <\/strong><\/h2>\n<p style=\"text-align: center;\"><strong>Nachdem Sie die Zahlung geleistet haben, senden Sie bitte eine Kopie der Quittung an <a href=\"mailto:redazione@pitturiamo.eu\">redazione@pitturiamo.eu<\/a><\/strong><\/p>\n<p>Wir \u00fcberpr\u00fcfen, ob Ihre Zahlung erfolgreich war, und kontaktieren Sie, um gemeinsam mit Ihnen die besten Werke f\u00fcr Ihre Teilnahme auszuw\u00e4hlen.<\/p>\n<h1><strong>So bereitest du dich am besten auf dieses Event vor.<\/strong><\/h1>\n<p><a href=\"https:\/\/www.pitturiamo.it\/larte-di-farsi-conoscere-de\/\"><img decoding=\"async\" class=\"alignleft\" style=\"width: 300px;\" src=\"https:\/\/www.pitturiamo.it\/wp-content\/uploads\/tre-volumikindleamazon.jpg\"><\/a><\/p>\n<p>Wenn Sie Ihre Teilnahme an dieser Veranstaltung <strong style=\"color: #7a7a7a;\">bestm\u00f6glich nutzen m\u00f6chten<\/strong> , empfehlen wir Folgendes zu lesen:<\/p>\n<p>&#8222;<a style=\"color: #7a7a7a;\" href=\"https:\/\/www.pitturiamo.it\/larte-di-farsi-conoscere-de\/\"><strong>Die Kunst, sich bemerkbar zu machen<\/strong><\/a> \u2013 <em>Marketingtipps f\u00fcr aufstrebende und etablierte K\u00fcnstler<\/em>&#8222;.<\/p>\n<p>Das neue Buch von <strong style=\"color: #7a7a7a;\">Nino Argentati,<\/strong> in dem Sie zahlreiche n\u00fctzliche Tipps f\u00fcr Ihre F\u00f6rderung als K\u00fcnstler finden.<\/p>\n<p><a href=\"https:\/\/www.pitturiamo.it\/larte-di-farsi-conoscere-de\/\">Laden Sie jetzt einen kostenlosen Auszug herunter.<\/a><\/p>\n<p>[\/et_pb_text][\/et_pb_column][\/et_pb_row][\/et_pb_section][et_pb_section fb_built=&#8220;1&#8243; fullwidth=&#8220;on&#8220; custom_padding_last_edited=&#8220;on|phone&#8220; disabled_on=&#8220;off|off|off&#8220; _builder_version=&#8220;4.16&#8243; _module_preset=&#8220;default&#8220; background_color=&#8220;#000000&#8243; custom_margin_tablet=&#8220;&#8220; custom_margin_phone=&#8220;|0px||0px|false|false&#8220; custom_margin_last_edited=&#8220;on|phone&#8220; custom_padding=&#8220;0px||0px|&#8220; custom_padding_tablet=&#8220;0px|0px|0px|0px&#8220; custom_padding_phone=&#8220;&#8220; custom_css_main_element=&#8220;margin: 0px !important; padding: 0px !important;&#8220; transparent_background=&#8220;off&#8220; make_fullwidth=&#8220;off&#8220; use_custom_width=&#8220;off&#8220; width_unit=&#8220;on&#8220; global_colors_info=&#8220;{}&#8220;][et_pb_fullwidth_header title=&#8220;PitturiAmo A.P.S.&#8220; subhead=&#8220;Via Filippo Turati, 22 &#8211; 93100 Caltanissetta &#8211; P.IVA e C.F. 02092300850 &#8211; info@pitturiamo.com &#8211; REA: CL-119175.&#8220; _builder_version=&#8220;4.16&#8243; _module_preset=&#8220;default&#8220; background_color=&#8220;#333333&#8243; width=&#8220;100%&#8220; max_width=&#8220;100%&#8220; custom_margin=&#8220;||||false|false&#8220; custom_margin_tablet=&#8220;||||false|false&#8220; custom_margin_phone=&#8220;|5px||5px|false|false&#8220; custom_margin_last_edited=&#8220;on|desktop&#8220; custom_padding=&#8220;|0px||0px|false|false&#8220; custom_padding_tablet=&#8220;|0px||0px|false|false&#8220; custom_padding_phone=&#8220;|0px||0px|false|false&#8220; custom_padding_last_edited=&#8220;on|desktop&#8220; custom_css_content=&#8220;margin-top:50px;&#8220; global_colors_info=&#8220;{}&#8220;]<\/p>\n<p>Urheberrecht \u2013 Alle Inhalte dieser Seite (Texte, Bilder, Grafiken und Layout) sind Eigentum von PitturiAmo und urheberrechtlich gesch\u00fctzt. Jegliche Vervielf\u00e4ltigung, Ver\u00f6ffentlichung, Bearbeitung, Vermarktung oder Verbreitung, auch auszugsweise, ist untersagt.  Alle auf dieser Website verf\u00fcgbaren Dokumente, die kostenlos heruntergeladen werden k\u00f6nnen, sind ausschlie\u00dflich f\u00fcr den pers\u00f6nlichen Gebrauch bestimmt. Die Inhalte d\u00fcrfen kostenlos und ohne unzul\u00e4ssige oder kommerzielle Zwecke weiterverbreitet werden, sofern sie in keiner Weise ver\u00e4ndert werden (Text, Bilder, Grafiken, Layout). PitturiAmo beh\u00e4lt sich das Eigentum an den Inhalten ausdr\u00fccklich vor. Zuwiderhandlungen werden gem\u00e4\u00df geltendem Recht verfolgt.<\/p>\n<p>&nbsp;<\/p>\n<p>[\/et_pb_fullwidth_header][\/et_pb_section]<\/p>\n","protected":false},"excerpt":{"rendered":"<p>Danke &nbsp; Jetzt k\u00f6nnen Sie mit der Zahlung&#8230;<\/p>\n","protected":false},"author":1,"featured_media":0,"parent":0,"menu_order":0,"comment_status":"closed","ping_status":"closed","template":"blank-slate-template.php","meta":{"_et_pb_use_builder":"on","_et_pb_old_content":"","_et_gb_content_width":"","footnotes":""},"yoast_head":"<!-- This site is optimized with the Yoast SEO plugin v22.2 - https:\/\/yoast.com\/wordpress\/plugins\/seo\/ -->\n<title>TYP TSB26 Bonifico o PostePay &gt; TEDESCO - PitturiAmo<\/title>\n<meta name=\"description\" content=\"Ver\u00f6ffentlichen Sie Ihre Werke im Giunti Atlas of Contemporary Art und bringen Sie Ihre Kunst ins MoMA in New York und in \u00fcber 260 Buchhandlungen in ganz Italien.\" \/>\n<meta name=\"robots\" content=\"index, follow, max-snippet:-1, max-image-preview:large, max-video-preview:-1\" \/>\n<link rel=\"canonical\" href=\"https:\/\/www.pitturiamo.it\/de\/typ-de-tsb26-si-bonifico-pp\/\" \/>\n<meta property=\"og:locale\" content=\"de_DE\" \/>\n<meta property=\"og:type\" content=\"article\" \/>\n<meta property=\"og:title\" content=\"Atlas der zeitgen\u00f6ssischen Kunst Giunti\" \/>\n<meta property=\"og:description\" content=\"Ver\u00f6ffentlichen Sie Ihre Werke im Giunti Atlas of Contemporary Art und bringen Sie Ihre Kunst ins MoMA in New York und in \u00fcber 260 Buchhandlungen in ganz Italien.\" \/>\n<meta property=\"og:url\" content=\"https:\/\/www.pitturiamo.it\/de\/typ-de-tsb26-si-bonifico-pp\/\" \/>\n<meta property=\"og:site_name\" content=\"PitturiAmo\" \/>\n<meta property=\"article:publisher\" content=\"https:\/\/www.facebook.com\/PitturiAmo\" \/>\n<meta property=\"article:modified_time\" content=\"2026-02-19T11:02:13+00:00\" \/>\n<meta property=\"og:image\" content=\"https:\/\/www.pitturiamo.it\/wp-content\/uploads\/atlante-arte-contemporanea-giunti-1024x512.jpg\" \/>\n<meta name=\"twitter:card\" content=\"summary_large_image\" \/>\n<meta name=\"twitter:title\" content=\"Atlas der zeitgen\u00f6ssischen Kunst Giunti\" \/>\n<meta name=\"twitter:description\" content=\"Ver\u00f6ffentlichen Sie Ihre Werke im Giunti Atlas of Contemporary Art und bringen Sie Ihre Kunst ins MoMA in New York und in \u00fcber 260 Buchhandlungen in ganz Italien.\" \/>\n<meta name=\"twitter:image\" content=\"https:\/\/www.pitturiamo.it\/wp-content\/uploads\/atlante-arte-contemporanea-giunti.jpg\" \/>\n<meta name=\"twitter:label1\" content=\"Gesch\u00e4tzte Lesezeit\" \/>\n\t<meta name=\"twitter:data1\" content=\"3 Minuten\" \/>\n<script type=\"application\/ld+json\" class=\"yoast-schema-graph\">{\"@context\":\"https:\/\/schema.org\",\"@graph\":[{\"@type\":\"NewsArticle\",\"@id\":\"https:\/\/www.pitturiamo.it\/de\/typ-de-tsb26-si-bonifico-pp\/#article\",\"isPartOf\":{\"@id\":\"https:\/\/www.pitturiamo.it\/de\/typ-de-tsb26-si-bonifico-pp\/\"},\"author\":{\"name\":\"Redazione\",\"@id\":\"https:\/\/www.pitturiamo.it\/de\/#\/schema\/person\/4e985700c85a7eb0398941eefc404c4a\"},\"headline\":\"TYP TSB26 Bonifico o PostePay &gt; TEDESCO\",\"datePublished\":\"2026-02-14T10:50:28+00:00\",\"dateModified\":\"2026-02-19T11:02:13+00:00\",\"mainEntityOfPage\":{\"@id\":\"https:\/\/www.pitturiamo.it\/de\/typ-de-tsb26-si-bonifico-pp\/\"},\"wordCount\":681,\"publisher\":{\"@id\":\"https:\/\/www.pitturiamo.it\/de\/#organization\"},\"image\":{\"@id\":\"https:\/\/www.pitturiamo.it\/de\/typ-de-tsb26-si-bonifico-pp\/#primaryimage\"},\"thumbnailUrl\":\"https:\/\/www.pitturiamo.it\/wp-content\/uploads\/tre-volumikindleamazon.jpg\",\"inLanguage\":\"de-DE\"},{\"@type\":\"WebPage\",\"@id\":\"https:\/\/www.pitturiamo.it\/de\/typ-de-tsb26-si-bonifico-pp\/\",\"url\":\"https:\/\/www.pitturiamo.it\/de\/typ-de-tsb26-si-bonifico-pp\/\",\"name\":\"TYP TSB26 Bonifico o PostePay &gt; TEDESCO - PitturiAmo\",\"isPartOf\":{\"@id\":\"https:\/\/www.pitturiamo.it\/de\/#website\"},\"primaryImageOfPage\":{\"@id\":\"https:\/\/www.pitturiamo.it\/de\/typ-de-tsb26-si-bonifico-pp\/#primaryimage\"},\"image\":{\"@id\":\"https:\/\/www.pitturiamo.it\/de\/typ-de-tsb26-si-bonifico-pp\/#primaryimage\"},\"thumbnailUrl\":\"https:\/\/www.pitturiamo.it\/wp-content\/uploads\/tre-volumikindleamazon.jpg\",\"datePublished\":\"2026-02-14T10:50:28+00:00\",\"dateModified\":\"2026-02-19T11:02:13+00:00\",\"description\":\"Ver\u00f6ffentlichen Sie Ihre Werke im Giunti Atlas of Contemporary Art und bringen Sie Ihre Kunst ins MoMA in New York und in \u00fcber 260 Buchhandlungen in ganz Italien.\",\"breadcrumb\":{\"@id\":\"https:\/\/www.pitturiamo.it\/de\/typ-de-tsb26-si-bonifico-pp\/#breadcrumb\"},\"inLanguage\":\"de-DE\",\"potentialAction\":[{\"@type\":\"ReadAction\",\"target\":[\"https:\/\/www.pitturiamo.it\/de\/typ-de-tsb26-si-bonifico-pp\/\"]}]},{\"@type\":\"ImageObject\",\"inLanguage\":\"de-DE\",\"@id\":\"https:\/\/www.pitturiamo.it\/de\/typ-de-tsb26-si-bonifico-pp\/#primaryimage\",\"url\":\"https:\/\/www.pitturiamo.it\/wp-content\/uploads\/tre-volumikindleamazon.jpg\",\"contentUrl\":\"https:\/\/www.pitturiamo.it\/wp-content\/uploads\/tre-volumikindleamazon.jpg\",\"width\":1200,\"height\":1390,\"caption\":\"L'arte di farsi conoscere\"},{\"@type\":\"BreadcrumbList\",\"@id\":\"https:\/\/www.pitturiamo.it\/de\/typ-de-tsb26-si-bonifico-pp\/#breadcrumb\",\"itemListElement\":[{\"@type\":\"ListItem\",\"position\":1,\"name\":\"Home\",\"item\":\"https:\/\/www.pitturiamo.it\/de\/\"},{\"@type\":\"ListItem\",\"position\":2,\"name\":\"TYP TSB26 Bonifico o PostePay &gt; TEDESCO\"}]},{\"@type\":\"WebSite\",\"@id\":\"https:\/\/www.pitturiamo.it\/de\/#website\",\"url\":\"https:\/\/www.pitturiamo.it\/de\/\",\"name\":\"PitturiAmo IT\",\"description\":\"Il portale che promuove l&#039;arte\",\"publisher\":{\"@id\":\"https:\/\/www.pitturiamo.it\/de\/#organization\"},\"potentialAction\":[{\"@type\":\"SearchAction\",\"target\":{\"@type\":\"EntryPoint\",\"urlTemplate\":\"https:\/\/www.pitturiamo.it\/de\/?s={search_term_string}\"},\"query-input\":\"required name=search_term_string\"}],\"inLanguage\":\"de-DE\"},{\"@type\":\"Organization\",\"@id\":\"https:\/\/www.pitturiamo.it\/de\/#organization\",\"name\":\"PitturiAmo IT\",\"url\":\"https:\/\/www.pitturiamo.it\/de\/\",\"logo\":{\"@type\":\"ImageObject\",\"inLanguage\":\"de-DE\",\"@id\":\"https:\/\/www.pitturiamo.it\/de\/#\/schema\/logo\/image\/\",\"url\":\"https:\/\/www.pitturiamo.it\/wp-content\/uploads\/cropped-PitturiAmo-1.png\",\"contentUrl\":\"https:\/\/www.pitturiamo.it\/wp-content\/uploads\/cropped-PitturiAmo-1.png\",\"width\":519,\"height\":204,\"caption\":\"PitturiAmo IT\"},\"image\":{\"@id\":\"https:\/\/www.pitturiamo.it\/de\/#\/schema\/logo\/image\/\"},\"sameAs\":[\"https:\/\/www.facebook.com\/PitturiAmo\"]},{\"@type\":\"Person\",\"@id\":\"https:\/\/www.pitturiamo.it\/de\/#\/schema\/person\/4e985700c85a7eb0398941eefc404c4a\",\"name\":\"Redazione\",\"image\":{\"@type\":\"ImageObject\",\"inLanguage\":\"de-DE\",\"@id\":\"https:\/\/www.pitturiamo.it\/de\/#\/schema\/person\/image\/\",\"url\":\"https:\/\/secure.gravatar.com\/avatar\/2260a643382767a6b4184449968af668?s=96&d=mm&r=g\",\"contentUrl\":\"https:\/\/secure.gravatar.com\/avatar\/2260a643382767a6b4184449968af668?s=96&d=mm&r=g\",\"caption\":\"Redazione\"},\"sameAs\":[\"https:\/\/www.pitturiamo.it\"],\"url\":\"https:\/\/www.pitturiamo.it\/de\/author\/adminwppit10\/\"}]}<\/script>\n<!-- \/ Yoast SEO plugin. -->","yoast_head_json":{"title":"TYP TSB26 Bonifico o PostePay &gt; TEDESCO - PitturiAmo","description":"Ver\u00f6ffentlichen Sie Ihre Werke im Giunti Atlas of Contemporary Art und bringen Sie Ihre Kunst ins MoMA in New York und in \u00fcber 260 Buchhandlungen in ganz Italien.","robots":{"index":"index","follow":"follow","max-snippet":"max-snippet:-1","max-image-preview":"max-image-preview:large","max-video-preview":"max-video-preview:-1"},"canonical":"https:\/\/www.pitturiamo.it\/de\/typ-de-tsb26-si-bonifico-pp\/","og_locale":"de_DE","og_type":"article","og_title":"Atlas der zeitgen\u00f6ssischen Kunst Giunti","og_description":"Ver\u00f6ffentlichen Sie Ihre Werke im Giunti Atlas of Contemporary Art und bringen Sie Ihre Kunst ins MoMA in New York und in \u00fcber 260 Buchhandlungen in ganz Italien.","og_url":"https:\/\/www.pitturiamo.it\/de\/typ-de-tsb26-si-bonifico-pp\/","og_site_name":"PitturiAmo","article_publisher":"https:\/\/www.facebook.com\/PitturiAmo","article_modified_time":"2026-02-19T11:02:13+00:00","og_image":[{"url":"https:\/\/www.pitturiamo.it\/wp-content\/uploads\/atlante-arte-contemporanea-giunti-1024x512.jpg"}],"twitter_card":"summary_large_image","twitter_title":"Atlas der zeitgen\u00f6ssischen Kunst Giunti","twitter_description":"Ver\u00f6ffentlichen Sie Ihre Werke im Giunti Atlas of Contemporary Art und bringen Sie Ihre Kunst ins MoMA in New York und in \u00fcber 260 Buchhandlungen in ganz Italien.","twitter_image":"https:\/\/www.pitturiamo.it\/wp-content\/uploads\/atlante-arte-contemporanea-giunti.jpg","twitter_misc":{"Gesch\u00e4tzte Lesezeit":"3 Minuten"},"schema":{"@context":"https:\/\/schema.org","@graph":[{"@type":"NewsArticle","@id":"https:\/\/www.pitturiamo.it\/de\/typ-de-tsb26-si-bonifico-pp\/#article","isPartOf":{"@id":"https:\/\/www.pitturiamo.it\/de\/typ-de-tsb26-si-bonifico-pp\/"},"author":{"name":"Redazione","@id":"https:\/\/www.pitturiamo.it\/de\/#\/schema\/person\/4e985700c85a7eb0398941eefc404c4a"},"headline":"TYP TSB26 Bonifico o PostePay &gt; TEDESCO","datePublished":"2026-02-14T10:50:28+00:00","dateModified":"2026-02-19T11:02:13+00:00","mainEntityOfPage":{"@id":"https:\/\/www.pitturiamo.it\/de\/typ-de-tsb26-si-bonifico-pp\/"},"wordCount":681,"publisher":{"@id":"https:\/\/www.pitturiamo.it\/de\/#organization"},"image":{"@id":"https:\/\/www.pitturiamo.it\/de\/typ-de-tsb26-si-bonifico-pp\/#primaryimage"},"thumbnailUrl":"https:\/\/www.pitturiamo.it\/wp-content\/uploads\/tre-volumikindleamazon.jpg","inLanguage":"de-DE"},{"@type":"WebPage","@id":"https:\/\/www.pitturiamo.it\/de\/typ-de-tsb26-si-bonifico-pp\/","url":"https:\/\/www.pitturiamo.it\/de\/typ-de-tsb26-si-bonifico-pp\/","name":"TYP TSB26 Bonifico o PostePay &gt; TEDESCO - PitturiAmo","isPartOf":{"@id":"https:\/\/www.pitturiamo.it\/de\/#website"},"primaryImageOfPage":{"@id":"https:\/\/www.pitturiamo.it\/de\/typ-de-tsb26-si-bonifico-pp\/#primaryimage"},"image":{"@id":"https:\/\/www.pitturiamo.it\/de\/typ-de-tsb26-si-bonifico-pp\/#primaryimage"},"thumbnailUrl":"https:\/\/www.pitturiamo.it\/wp-content\/uploads\/tre-volumikindleamazon.jpg","datePublished":"2026-02-14T10:50:28+00:00","dateModified":"2026-02-19T11:02:13+00:00","description":"Ver\u00f6ffentlichen Sie Ihre Werke im Giunti Atlas of Contemporary Art und bringen Sie Ihre Kunst ins MoMA in New York und in \u00fcber 260 Buchhandlungen in ganz Italien.","breadcrumb":{"@id":"https:\/\/www.pitturiamo.it\/de\/typ-de-tsb26-si-bonifico-pp\/#breadcrumb"},"inLanguage":"de-DE","potentialAction":[{"@type":"ReadAction","target":["https:\/\/www.pitturiamo.it\/de\/typ-de-tsb26-si-bonifico-pp\/"]}]},{"@type":"ImageObject","inLanguage":"de-DE","@id":"https:\/\/www.pitturiamo.it\/de\/typ-de-tsb26-si-bonifico-pp\/#primaryimage","url":"https:\/\/www.pitturiamo.it\/wp-content\/uploads\/tre-volumikindleamazon.jpg","contentUrl":"https:\/\/www.pitturiamo.it\/wp-content\/uploads\/tre-volumikindleamazon.jpg","width":1200,"height":1390,"caption":"L'arte di farsi conoscere"},{"@type":"BreadcrumbList","@id":"https:\/\/www.pitturiamo.it\/de\/typ-de-tsb26-si-bonifico-pp\/#breadcrumb","itemListElement":[{"@type":"ListItem","position":1,"name":"Home","item":"https:\/\/www.pitturiamo.it\/de\/"},{"@type":"ListItem","position":2,"name":"TYP TSB26 Bonifico o PostePay &gt; TEDESCO"}]},{"@type":"WebSite","@id":"https:\/\/www.pitturiamo.it\/de\/#website","url":"https:\/\/www.pitturiamo.it\/de\/","name":"PitturiAmo IT","description":"Il portale che promuove l&#039;arte","publisher":{"@id":"https:\/\/www.pitturiamo.it\/de\/#organization"},"potentialAction":[{"@type":"SearchAction","target":{"@type":"EntryPoint","urlTemplate":"https:\/\/www.pitturiamo.it\/de\/?s={search_term_string}"},"query-input":"required name=search_term_string"}],"inLanguage":"de-DE"},{"@type":"Organization","@id":"https:\/\/www.pitturiamo.it\/de\/#organization","name":"PitturiAmo IT","url":"https:\/\/www.pitturiamo.it\/de\/","logo":{"@type":"ImageObject","inLanguage":"de-DE","@id":"https:\/\/www.pitturiamo.it\/de\/#\/schema\/logo\/image\/","url":"https:\/\/www.pitturiamo.it\/wp-content\/uploads\/cropped-PitturiAmo-1.png","contentUrl":"https:\/\/www.pitturiamo.it\/wp-content\/uploads\/cropped-PitturiAmo-1.png","width":519,"height":204,"caption":"PitturiAmo IT"},"image":{"@id":"https:\/\/www.pitturiamo.it\/de\/#\/schema\/logo\/image\/"},"sameAs":["https:\/\/www.facebook.com\/PitturiAmo"]},{"@type":"Person","@id":"https:\/\/www.pitturiamo.it\/de\/#\/schema\/person\/4e985700c85a7eb0398941eefc404c4a","name":"Redazione","image":{"@type":"ImageObject","inLanguage":"de-DE","@id":"https:\/\/www.pitturiamo.it\/de\/#\/schema\/person\/image\/","url":"https:\/\/secure.gravatar.com\/avatar\/2260a643382767a6b4184449968af668?s=96&d=mm&r=g","contentUrl":"https:\/\/secure.gravatar.com\/avatar\/2260a643382767a6b4184449968af668?s=96&d=mm&r=g","caption":"Redazione"},"sameAs":["https:\/\/www.pitturiamo.it"],"url":"https:\/\/www.pitturiamo.it\/de\/author\/adminwppit10\/"}]}},"_links":{"self":[{"href":"https:\/\/www.pitturiamo.it\/de\/wp-json\/wp\/v2\/pages\/987517140"}],"collection":[{"href":"https:\/\/www.pitturiamo.it\/de\/wp-json\/wp\/v2\/pages"}],"about":[{"href":"https:\/\/www.pitturiamo.it\/de\/wp-json\/wp\/v2\/types\/page"}],"author":[{"embeddable":true,"href":"https:\/\/www.pitturiamo.it\/de\/wp-json\/wp\/v2\/users\/1"}],"replies":[{"embeddable":true,"href":"https:\/\/www.pitturiamo.it\/de\/wp-json\/wp\/v2\/comments?post=987517140"}],"version-history":[{"count":2,"href":"https:\/\/www.pitturiamo.it\/de\/wp-json\/wp\/v2\/pages\/987517140\/revisions"}],"predecessor-version":[{"id":987517142,"href":"https:\/\/www.pitturiamo.it\/de\/wp-json\/wp\/v2\/pages\/987517140\/revisions\/987517142"}],"wp:attachment":[{"href":"https:\/\/www.pitturiamo.it\/de\/wp-json\/wp\/v2\/media?parent=987517140"}],"curies":[{"name":"wp","href":"https:\/\/api.w.org\/{rel}","templated":true}]}}